{"id":1724,"date":"2021-12-22T14:07:22","date_gmt":"2021-12-22T13:07:22","guid":{"rendered":"https:\/\/staging.vandammediation.nl\/?page_id=1724"},"modified":"2022-02-23T10:14:13","modified_gmt":"2022-02-23T09:14:13","slug":"privacy-verklaring","status":"publish","type":"page","link":"https:\/\/staging.vandammediation.nl\/index.php\/privacy-verklaring\/","title":{"rendered":"Privacy verklaring"},"content":{"rendered":"\n<div class=\"wp-block-group is-layout-flow wp-block-group-is-layout-flow\"><div class=\"wp-block-group__inner-container\">\n<div class=\"wp-block-columns is-layout-flex wp-container-core-columns-is-layout-9d6595d7 wp-block-columns-is-layout-flex\">\n<div class=\"wp-block-column has-ast-global-color-8-color has-text-color is-layout-flow wp-block-column-is-layout-flow\" style=\"flex-basis:25%\"><\/div>\n\n\n\n<div class=\"wp-block-column has-ast-global-color-8-color has-ast-global-color-2-background-color has-text-color has-background is-layout-flow wp-block-column-is-layout-flow\" style=\"flex-basis:50%\">\n<h2 class=\"has-text-align-center has-ast-global-color-8-color has-text-color wp-block-heading\" id=\"privacy-verklaring\"><strong>PRIVACY VERKLARING<\/strong><\/h2>\n\n\n\n<h3 class=\"has-text-align-center has-ast-global-color-8-color has-text-color wp-block-heading\" id=\"arbeids-mediation-b-v\">Arbeids Mediation b.v.<\/h3>\n\n\n\n<p><strong>Algemeen<\/strong><br>We zijn ons bewust dat onze organisatie persoonlijke en vertrouwelijke informatie verzamelt. We rekenen het tot onze taak en zorg om hierin uw privacy te garanderen. Via deze Privacy Verklaring informeren wij u hoe we hieraan vorm en inhoud geven, hoe wij werken, welke informatie we waarom verzamelen en hoe we hiermee uw bezoekers- en klantervaring beogen te verbeteren.<\/p>\n\n\n\n<p>Deze Privacy Verklaring is van toepassing op de diensten van Arbeids Mediation B.V., handelend onder de handelsnaam Van Dam Mediation. Wij wijzen u erop dat Arbeids Mediation B.V niet verantwoordelijk is voor privacy beleid van andere websites en bronnen. Op basis van het privacy beleid respecteert Arbeids Mediation B.V. de privacy van al haar website gebruikers en cli\u00ebnten. Alle verkregen informatie wordt vertrouwelijk behandeld. De handelsnaam VANDAMMEDIATION is onderdeel van Arbeids Mediation B.V.<\/p>\n\n\n\n<p><strong>Toestemming<\/strong><br>Iedere (kandidaat) cli\u00ebnt\/opdrachtgever is op basis van de aan ons verstrekte opdracht automatisch akkoord met\/stemt in onze algemene voorwaarden en deze Privacy Verklaring. Iedere bezoeker van deze website gaat automatisch akkoord met onze algemene voorwaarden en deze Privacy Verklaring.<\/p>\n\n\n\n<p><strong>Gebruikmaken van onze diensten<\/strong><br>Wanneer u zich aanmeldt voor 1 van onze diensten vragen wij u om persoonlijke en bedrijfsgerelateerde informatie. Deze informatie wordt uitsluitend gebruikt voor het uitvoeren van de afgenomen dienst(en). Alle informatie wordt opgeslagen op de beveiligde servers van Arbeids Mediation B.V of van 1 van onze contractpartners. Arbeids Mediation B.V zal deze informatie niet koppelen aan of gebruiken in combinatie met andere informatie waarover wordt beschikt.<\/p>\n\n\n\n<p><strong>Type informatie en dossiers<\/strong><br>Arbeids Mediation B.V. verzamelt informatie met betrekking tot het uitvoeren van een ADR-opdracht, waaronder begrepen arbitrage, bemiddeling, bindend advies (niet-bindend advies), conflict coaching, mediation, onderhandeling, iedere andere vorm van ADR alsmede hybride varianten. Hierbij worden twee informatie typen en dossiers onderscheiden, namelijk:<\/p>\n\n\n\n<p>1 \u2013 cli\u00ebnt informatie bedoeld voor het (kandidaat) ADR-cli\u00ebnt dossier en<br>2 \u2013 proces\/procedure informatie bedoeld voor het ADR proces\/procedure dossier.<\/p>\n\n\n\n<p>Arbeids Mediation B.V beheert de beide informatie typen \/ dossiers op beveiligde servers.<\/p>\n\n\n\n<p><strong>ADR cli\u00ebnt dossier<\/strong><br>Arbeids Mediation B.V houdt van iedere (kandidaat) cli\u00ebnt een cli\u00ebnt dossier. Dit dossier bevat:<\/p>\n\n\n\n<p>Gegevens van het bedrijf of de locatie waar de zakelijke activiteiten feitelijk worden uitgevoerd, waaronder: NAW gegevens, bedrijfsregistratie gegevens, volmachten, machtigingen, factuur informatie;<\/p>\n\n\n\n<p>Gegevens van de natuurlijke persoon, waaronder: NAW gegevens, ID gegevens, geboorte gegevens, huwelijkse staat, volmachten, machtigingen, factuur informatie;<\/p>\n\n\n\n<p>Cli\u00ebnten kunnen gegevens in het cli\u00ebntldossier (zelf online \/ niet zelf) beheren. Het cli\u00ebntdossier is niet openbaar. Indien de opdracht wordt be\u00ebindigd door de cli\u00ebnt of Arbeids Mediation B.V., of beiden, wordt het cli\u00ebntdossier voor onbepaalde tijd bewaard, tenzij de cli\u00ebnt om verwijdering verzoekt.<\/p>\n\n\n\n<p><strong>ADR proces\/procedure dossier<\/strong><br>Arbeids Mediation B.V. houdt van ieder(e) uitgevoerd(e) ADR proces\/procedure een ADR proces\/procedure dossier. Dit dossier bevat:<\/p>\n\n\n\n<p>Alle online\/offline documenten, zoals: start- en slotdocument, overeenkomsten, verslagen, notulen, aantekeningen, notities, brieven, faxberichten, emailberichten, correspondentie, facturen, alle andere\/overige documenten m.b.t. dit proces\/deze procedure;<\/p>\n\n\n\n<p>Gegevens m.b.t. de opdrachtgever(s), deelnemende partijen, ingeschakelde derden, zoals adviseurs, consultants, juristen, advocaten, notarissen, accountants, overige personen, bedrijven of organisaties voor zover betrokken bij dit proces \/ deze procedure,<br>waaronder:<br>\u2022 Indien zakelijk: gegevens van het bedrijf, inbegrepen: NAW gegevens, bedrijfsregistratie gegevens, volmachten, machtigingen, factuur informatie;<br>\u2022 Indien natuurlijk persoon: gegevens van de natuurlijke persoon, inbegrepen: NAW gegevens, ID gegevens, geboorte gegevens, huwelijkse staat, volmachten, machtigingen, factuur informatie.<\/p>\n\n\n\n<p><strong>Het proces, de procedure<\/strong><\/p>\n\n\n\n<p>Een proces\/procedure dossier is niet openbaar. Een proces\/procedure dossier is vertrouwelijk. Het uitvoeren van audits door bevoegde autoriteiten en toezichthouders is toegestaan. Een proces\/procedure dossier wordt voor onbepaalde tijd aangehouden, ook na de be\u00ebindiging van de opdracht, ongeacht de reden van de be\u00ebindiging. Na de be\u00ebindiging van de opdracht kunnen de deelnemende opdrachtgevers\/cli\u00ebnten gezamenlijk verzoeken om het verwijderen van het proces\/procedure dossier. Arbeids Mediation B.V. kan toestemming onthouden indien hiertoe aanleiding bestaat of indien de wet of een bevoegde autoriteit dit verlangt; in voorkomend geval is Arbeids Mediation B.V. gehouden verzoekers dienaangaande te informeren. Onder alle omstandigheden dienen de verzoekers Arbeids Mediation B.V. te vrijwaren van aansprakelijkheid indien het verwijderingsverzoek wordt toegewezen.<\/p>\n\n\n\n<p><strong>Communicatie<\/strong><br>Aan ons verstuurde correspondentie, in welke vorm dan ook, kan worden bewaard en opgeslagen. Soms wordt u gevraagd hierbij persoonlijke informatie aan te leveren die verband houdt met het onderwerp van de correspondentie. Op deze manier is mogelijk uw correspondentie procesmatig en inhoudelijk correct af te behandelen. Alle informatie wordt opgeslagen op beveiligde servers van Arbeids Mediation B.V. of van 1 van onze contractpartners. Arbeids Mediation B.V. zal deze informatie niet koppelen aan of gebruiken in combinatie met andere informatie waarover wordt beschikt.<\/p>\n\n\n\n<p><strong>Cookies<\/strong><br>Arbeids Mediation B.V. verzamelt informatie met als doel de bezoekers en gebruikers van de website beter te begrijpen en van dienst te kunnen zijn. Deze website maakt gebruik van \u201ccookies\u201d zodat kan worden geanalyseerd hoe bezoekers de website gebruiken. De via \u201ccookies\u201d verkregen informatie kan worden doorgeleid of opgeslagen op beveiligde servers van Arbeids Mediation B.V. of 1 van onze contractpartners. We gebruiken de verkregen informatie om uw website bezoek te evalueren, om (management) rapportages te maken en u gerelateerde diensten en producten aan te bieden.<\/p>\n\n\n\n<p><strong>Gebruik<\/strong><br>Wij gebruiken de verkregen informatie niet voor andere doeleinden zoals beschreven in dit privacy beleid tenzij we hiervoor separaat uw toestemming hebben verkregen.<\/p>\n\n\n\n<p><strong>Intern gebruik<\/strong><br>De informatie wordt intern binnen Arbeids Mediation B.V. gebruikt. Al onze medewerkers zijn verplicht de vertrouwelijk van uw gegevens en informatie te respecteren.<\/p>\n\n\n\n<p><strong>Gebruik t.b.v. audits en onderzoek<\/strong><br>De informatie kan worden gebruikt ten behoeve van audits en onderzoeken uitgevoerd door bevoegde autoriteiten, toezichthouders, Arbeids Mediation B.V., dan wel andere organisaties hiertoe gemachtigd door 1 van de hiervoor genoemde organisaties. Wetenschappelijk onderzoek valt onder strekking van deze bepaling.<\/p>\n\n\n\n<p><strong>Verkoop aan andere partijen<\/strong><br>Arbeids Mediation B.V. verkoopt informatie niet door aan andere partijen, tenzij hiervoor specifiek toestemming voor is verkregen van de betreffende cli\u00ebnten.<\/p>\n\n\n\n<p><strong>Gebruik door andere partijen<\/strong><br>De informatie wordt niet gebruikt door andere partijen, tenzij hiervoor specifiek toestemming is verkregen van de betreffende cli\u00ebnten. Aanpassingen Ons privacy beleid is gericht op het gebruik en mogelijkheden van deze website en onze diensten. Iedere wijziging of aanpassing van deze website of onze diensten kan leiden tot aanpassing van ons privacy beleid. Om deze reden adviseren wij u om tijdens ieder bezoek of gebruik van onze diensten kennis te nemen van onze disclaimer, algemene voorwaarden en privacyverklaring. Door het bezoeken van deze website of het gebruiken van onze diensten wordt u geacht hier uitvoering aan te hebben gegeven en akkoord te gaan met ons meest recente privacy beleid. Hiervoor maken wij nadrukkelijk een voorbehoud.<\/p>\n\n\n\n<p><strong>Keuzes ten aanzien van persoonlijke informatie<\/strong><br>Wij bieden onze cli\u00ebnten de mogelijkheid hun aan ons ter beschikking gestelde informatie te bekijken, te wijzigen of te verwijderen.<\/p>\n\n\n\n<p><strong>Aan- en afmelden voor nieuwsbrieven<\/strong><br>Onder aan iedere nieuwsbrief bevindt zich een aan- en afmeldingsknop of instructie.<\/p>\n\n\n\n<p><strong>Aan- of afmelden communicatie<\/strong><br>Indien u uw gegevens zoals bij ons geregistreerd wilt wijzigen of verwijderen verzoeken wij u met ons contact op te nemen. Zie hiervoor de onderstaande contactgegevens.<\/p>\n\n\n\n<p><strong>Uitzetten cookies<\/strong><br>De meest browsers accepteren automatisch cookies. We wijzen u erop dat u deze automatische acceptatie kunt uitzetten. Ook kunt u een melding aanzetten die u bericht wanneer cookies worden toegepast zodat u per cookie kunt besluiten over acceptatie of afwijzing. Het is mogelijk dat sommige functies van deze website niet of niet volledig functioneren of toegankelijk zijn indien cookies niet of beperkt worden geaccepteerd. Hiervoor maken we een voorbehoud.<\/p>\n\n\n\n<p><strong>Slotbepalingen<\/strong><br>Op deze Privacy Verklaring is uitsluitend Nederlands recht van toepassing. Indien deze Privacy Verklaring iets niet, onvoldoende of verkeerd regelt, is Arbeids Mediation B.V. bevoegd tot aanpassing. Deze Privacy Verklaring kan uitsluitend integraal worden geaccepteerd. Indien deze Privacy Verklaring op onderdelen niet kwalificeert, blijft hetgeen kwalificeert onverkort geldig. Indien een geschil ontstaat voortkomend uit deze Privacy Verklaring zijn partijen gehouden eerst mediation of een minnelijke regeling te beproeven, alvorens het geschil aan de bevoegde rechter in Nederland voor te leggen. In geval van meertaligheid prefereert de Nederlandse taal.<\/p>\n\n\n\n<p><strong>Vragen en feedback<\/strong><br>Wij controleren regelmatig onze interne procedures met betrekking tot ons privacy beleid. Indien u vragen of opmerkingen heeft verzoeken wij u met ons contact op te nemen. Gebruik hiervoor het contactformulier op deze website of bel via 06 25 04 1551 of schrijf ons: Arbeids Mediation B.V, ter attentie van de privacy functionaris, Paasloweg 17, 3849 RV Hierden.<\/p>\n\n\n\n<p>Referentie:&nbsp;AVG<\/p>\n\n\n<div class=\"wp-block-post-date\"><time datetime=\"2021-12-22T14:07:22+01:00\">22 december 2021<\/time><\/div><\/div>\n\n\n\n<div class=\"wp-block-column is-layout-flow wp-block-column-is-layout-flow\" style=\"flex-basis:25%\"><\/div>\n<\/div>\n<\/div><\/div>\n<!-- AddThis Advanced Settings generic via filter on the_content --><!-- AddThis Share Buttons generic via filter on the_content -->","protected":false},"excerpt":{"rendered":"<p>PRIVACY VERKLARING Arbeids Mediation b.v. AlgemeenWe zijn ons bewust dat onze organisatie persoonlijke en vertrouwelijke informatie verzamelt. We rekenen het tot onze taak en zorg om hierin uw privacy te garanderen. Via deze Privacy Verklaring informeren wij u hoe we hieraan vorm en inhoud geven, hoe wij werken, welke informatie we waarom verzamelen en hoe &hellip;<\/p>\n<p class=\"read-more\"> <a class=\"\" href=\"https:\/\/staging.vandammediation.nl\/index.php\/privacy-verklaring\/\"> <span class=\"screen-reader-text\">Privacy verklaring<\/span> Lees verder &raquo;<\/a><\/p>\n<p><!-- AddThis Advanced Settings generic via filter on get_the_excerpt --><!-- AddThis Share Buttons generic via filter on get_the_excerpt --><\/p>\n","protected":false},"author":1,"featured_media":0,"parent":0,"menu_order":0,"comment_status":"closed","ping_status":"closed","template":"","meta":{"_eb_attr":"","inline_featured_image":false,"_monsterinsights_skip_tracking":false,"_monsterinsights_sitenote_active":false,"_monsterinsights_sitenote_note":"","_monsterinsights_sitenote_category":0,"site-sidebar-layout":"default","site-content-layout":"default","ast-main-header-display":"","ast-hfb-above-header-display":"","ast-hfb-below-header-display":"","ast-hfb-mobile-header-display":"","site-post-title":"disabled","ast-breadcrumbs-content":"","ast-featured-img":"","footer-sml-layout":"","theme-transparent-header-meta":"","adv-header-id-meta":"","stick-header-meta":"","header-above-stick-meta":"","header-main-stick-meta":"","header-below-stick-meta":"","footnotes":""},"class_list":["post-1724","page","type-page","status-publish","hentry"],"yoast_head":"<!-- This site is optimized with the Yoast SEO plugin v27.4 - https:\/\/yoast.com\/product\/yoast-seo-wordpress\/ -->\n<title>Privacy verklaring - Van Dam Mediation<\/title>\n<meta name=\"robots\" content=\"noindex, nofollow\" \/>\n<meta property=\"og:locale\" content=\"nl_NL\" \/>\n<meta property=\"og:type\" content=\"article\" \/>\n<meta property=\"og:title\" content=\"Privacy verklaring - Van Dam Mediation\" \/>\n<meta property=\"og:description\" content=\"PRIVACY VERKLARING Arbeids Mediation b.v. AlgemeenWe zijn ons bewust dat onze organisatie persoonlijke en vertrouwelijke informatie verzamelt. We rekenen het tot onze taak en zorg om hierin uw privacy te garanderen. Via deze Privacy Verklaring informeren wij u hoe we hieraan vorm en inhoud geven, hoe wij werken, welke informatie we waarom verzamelen en hoe &hellip; Privacy verklaring Lees verder &raquo;\" \/>\n<meta property=\"og:url\" content=\"https:\/\/staging.vandammediation.nl\/index.php\/privacy-verklaring\/\" \/>\n<meta property=\"og:site_name\" content=\"Van Dam Mediation\" \/>\n<meta property=\"article:modified_time\" content=\"2022-02-23T09:14:13+00:00\" \/>\n<meta name=\"twitter:card\" content=\"summary_large_image\" \/>\n<meta name=\"twitter:label1\" content=\"Geschatte leestijd\" \/>\n\t<meta name=\"twitter:data1\" content=\"7 minuten\" \/>\n<script type=\"application\/ld+json\" class=\"yoast-schema-graph\">{\"@context\":\"https:\\\/\\\/schema.org\",\"@graph\":[{\"@type\":\"WebPage\",\"@id\":\"https:\\\/\\\/staging.vandammediation.nl\\\/index.php\\\/privacy-verklaring\\\/\",\"url\":\"https:\\\/\\\/staging.vandammediation.nl\\\/index.php\\\/privacy-verklaring\\\/\",\"name\":\"Privacy verklaring - Van Dam Mediation\",\"isPartOf\":{\"@id\":\"https:\\\/\\\/staging.vandammediation.nl\\\/#website\"},\"datePublished\":\"2021-12-22T13:07:22+00:00\",\"dateModified\":\"2022-02-23T09:14:13+00:00\",\"breadcrumb\":{\"@id\":\"https:\\\/\\\/staging.vandammediation.nl\\\/index.php\\\/privacy-verklaring\\\/#breadcrumb\"},\"inLanguage\":\"nl-NL\",\"potentialAction\":[{\"@type\":\"ReadAction\",\"target\":[\"https:\\\/\\\/staging.vandammediation.nl\\\/index.php\\\/privacy-verklaring\\\/\"]}]},{\"@type\":\"BreadcrumbList\",\"@id\":\"https:\\\/\\\/staging.vandammediation.nl\\\/index.php\\\/privacy-verklaring\\\/#breadcrumb\",\"itemListElement\":[{\"@type\":\"ListItem\",\"position\":1,\"name\":\"Home\",\"item\":\"https:\\\/\\\/staging.vandammediation.nl\\\/\"},{\"@type\":\"ListItem\",\"position\":2,\"name\":\"Privacy verklaring\"}]},{\"@type\":\"WebSite\",\"@id\":\"https:\\\/\\\/staging.vandammediation.nl\\\/#website\",\"url\":\"https:\\\/\\\/staging.vandammediation.nl\\\/\",\"name\":\"Van Dam Mediation\",\"description\":\"Alles over arbeidsmediation\",\"publisher\":{\"@id\":\"https:\\\/\\\/staging.vandammediation.nl\\\/#organization\"},\"potentialAction\":[{\"@type\":\"SearchAction\",\"target\":{\"@type\":\"EntryPoint\",\"urlTemplate\":\"https:\\\/\\\/staging.vandammediation.nl\\\/?s={search_term_string}\"},\"query-input\":{\"@type\":\"PropertyValueSpecification\",\"valueRequired\":true,\"valueName\":\"search_term_string\"}}],\"inLanguage\":\"nl-NL\"},{\"@type\":\"Organization\",\"@id\":\"https:\\\/\\\/staging.vandammediation.nl\\\/#organization\",\"name\":\"Van Dam Mediation\",\"url\":\"https:\\\/\\\/staging.vandammediation.nl\\\/\",\"logo\":{\"@type\":\"ImageObject\",\"inLanguage\":\"nl-NL\",\"@id\":\"https:\\\/\\\/staging.vandammediation.nl\\\/#\\\/schema\\\/logo\\\/image\\\/\",\"url\":\"https:\\\/\\\/staging.vandammediation.nl\\\/wp-content\\\/uploads\\\/2021\\\/07\\\/VANDAMMEDIATION-LOGO-200svg.svg\",\"contentUrl\":\"https:\\\/\\\/staging.vandammediation.nl\\\/wp-content\\\/uploads\\\/2021\\\/07\\\/VANDAMMEDIATION-LOGO-200svg.svg\",\"width\":\"1024\",\"height\":\"1024\",\"caption\":\"Van Dam Mediation\"},\"image\":{\"@id\":\"https:\\\/\\\/staging.vandammediation.nl\\\/#\\\/schema\\\/logo\\\/image\\\/\"}}]}<\/script>\n<!-- \/ Yoast SEO plugin. -->","yoast_head_json":{"title":"Privacy verklaring - Van Dam Mediation","robots":{"index":"noindex","follow":"nofollow"},"og_locale":"nl_NL","og_type":"article","og_title":"Privacy verklaring - Van Dam Mediation","og_description":"PRIVACY VERKLARING Arbeids Mediation b.v. AlgemeenWe zijn ons bewust dat onze organisatie persoonlijke en vertrouwelijke informatie verzamelt. We rekenen het tot onze taak en zorg om hierin uw privacy te garanderen. Via deze Privacy Verklaring informeren wij u hoe we hieraan vorm en inhoud geven, hoe wij werken, welke informatie we waarom verzamelen en hoe &hellip; Privacy verklaring Lees verder &raquo;","og_url":"https:\/\/staging.vandammediation.nl\/index.php\/privacy-verklaring\/","og_site_name":"Van Dam Mediation","article_modified_time":"2022-02-23T09:14:13+00:00","twitter_card":"summary_large_image","twitter_misc":{"Geschatte leestijd":"7 minuten"},"schema":{"@context":"https:\/\/schema.org","@graph":[{"@type":"WebPage","@id":"https:\/\/staging.vandammediation.nl\/index.php\/privacy-verklaring\/","url":"https:\/\/staging.vandammediation.nl\/index.php\/privacy-verklaring\/","name":"Privacy verklaring - Van Dam Mediation","isPartOf":{"@id":"https:\/\/staging.vandammediation.nl\/#website"},"datePublished":"2021-12-22T13:07:22+00:00","dateModified":"2022-02-23T09:14:13+00:00","breadcrumb":{"@id":"https:\/\/staging.vandammediation.nl\/index.php\/privacy-verklaring\/#breadcrumb"},"inLanguage":"nl-NL","potentialAction":[{"@type":"ReadAction","target":["https:\/\/staging.vandammediation.nl\/index.php\/privacy-verklaring\/"]}]},{"@type":"BreadcrumbList","@id":"https:\/\/staging.vandammediation.nl\/index.php\/privacy-verklaring\/#breadcrumb","itemListElement":[{"@type":"ListItem","position":1,"name":"Home","item":"https:\/\/staging.vandammediation.nl\/"},{"@type":"ListItem","position":2,"name":"Privacy verklaring"}]},{"@type":"WebSite","@id":"https:\/\/staging.vandammediation.nl\/#website","url":"https:\/\/staging.vandammediation.nl\/","name":"Van Dam Mediation","description":"Alles over arbeidsmediation","publisher":{"@id":"https:\/\/staging.vandammediation.nl\/#organization"},"potentialAction":[{"@type":"SearchAction","target":{"@type":"EntryPoint","urlTemplate":"https:\/\/staging.vandammediation.nl\/?s={search_term_string}"},"query-input":{"@type":"PropertyValueSpecification","valueRequired":true,"valueName":"search_term_string"}}],"inLanguage":"nl-NL"},{"@type":"Organization","@id":"https:\/\/staging.vandammediation.nl\/#organization","name":"Van Dam Mediation","url":"https:\/\/staging.vandammediation.nl\/","logo":{"@type":"ImageObject","inLanguage":"nl-NL","@id":"https:\/\/staging.vandammediation.nl\/#\/schema\/logo\/image\/","url":"https:\/\/staging.vandammediation.nl\/wp-content\/uploads\/2021\/07\/VANDAMMEDIATION-LOGO-200svg.svg","contentUrl":"https:\/\/staging.vandammediation.nl\/wp-content\/uploads\/2021\/07\/VANDAMMEDIATION-LOGO-200svg.svg","width":"1024","height":"1024","caption":"Van Dam Mediation"},"image":{"@id":"https:\/\/staging.vandammediation.nl\/#\/schema\/logo\/image\/"}}]}},"uagb_featured_image_src":{"full":false,"thumbnail":false,"medium":false,"medium_large":false,"large":false,"1536x1536":false,"2048x2048":false},"uagb_author_info":{"display_name":"admin","author_link":"https:\/\/staging.vandammediation.nl\/index.php\/author\/web_fnmyb9uf\/"},"uagb_comment_info":0,"uagb_excerpt":"PRIVACY VERKLARING Arbeids Mediation b.v. AlgemeenWe zijn ons bewust dat onze organisatie persoonlijke en vertrouwelijke informatie verzamelt. We rekenen het tot onze taak en zorg om hierin uw privacy te garanderen. Via deze Privacy Verklaring informeren wij u hoe we hieraan vorm en inhoud geven, hoe wij werken, welke informatie we waarom verzamelen en hoe&hellip;","_links":{"self":[{"href":"https:\/\/staging.vandammediation.nl\/index.php\/wp-json\/wp\/v2\/pages\/1724","targetHints":{"allow":["GET"]}}],"collection":[{"href":"https:\/\/staging.vandammediation.nl\/index.php\/wp-json\/wp\/v2\/pages"}],"about":[{"href":"https:\/\/staging.vandammediation.nl\/index.php\/wp-json\/wp\/v2\/types\/page"}],"author":[{"embeddable":true,"href":"https:\/\/staging.vandammediation.nl\/index.php\/wp-json\/wp\/v2\/users\/1"}],"replies":[{"embeddable":true,"href":"https:\/\/staging.vandammediation.nl\/index.php\/wp-json\/wp\/v2\/comments?post=1724"}],"version-history":[{"count":7,"href":"https:\/\/staging.vandammediation.nl\/index.php\/wp-json\/wp\/v2\/pages\/1724\/revisions"}],"predecessor-version":[{"id":3399,"href":"https:\/\/staging.vandammediation.nl\/index.php\/wp-json\/wp\/v2\/pages\/1724\/revisions\/3399"}],"wp:attachment":[{"href":"https:\/\/staging.vandammediation.nl\/index.php\/wp-json\/wp\/v2\/media?parent=1724"}],"curies":[{"name":"wp","href":"https:\/\/api.w.org\/{rel}","templated":true}]}}